{"id":139,"date":"2016-04-14T08:57:00","date_gmt":"2016-04-14T08:57:00","guid":{"rendered":"http:\/\/artpyro.de\/?page_id=139"},"modified":"2019-03-14T07:32:48","modified_gmt":"2019-03-14T07:32:48","slug":"huefburgen","status":"publish","type":"page","link":"https:\/\/artpyro.de\/?page_id=139","title":{"rendered":"H\u00fcpfburgvermietung"},"content":{"rendered":"<p style=\"text-align: center;\"><img loading=\"lazy\" decoding=\"async\" class=\"alignleft wp-image-311\" src=\"https:\/\/artpyro.de\/wp-content\/uploads\/2016\/04\/wolke-300x261.jpg\" width=\"230\" height=\"200\" srcset=\"https:\/\/artpyro.de\/wp-content\/uploads\/2016\/04\/wolke-300x261.jpg 300w, https:\/\/artpyro.de\/wp-content\/uploads\/2016\/04\/wolke.jpg 431w\" sizes=\"auto, (max-width: 230px) 100vw, 230px\" \/><\/p>\n<p style=\"text-align: center;\"><strong>\u00a0<\/strong><\/p>\n<p style=\"text-align: center;\"><strong>Preise:<br \/>\nTagespreis: 139,- Euro <sup>*1<\/sup><br \/>\nZweitagespreis: 250,- Euro <sup>*1<\/sup><br \/>\nWochenendpreis: 269,- Euro <sup>*1<\/sup><br \/>\nWochenpreis: 595,- Euro <sup>*1<\/sup><br \/>\n<\/strong><\/p>\n<p align=\"center\"><span style=\"color: #ff0000;\">Bei Buchung eines Feuerwerkes -&gt; Tagespreis bei 99,- \u20ac <sup>*2<\/sup> <\/span><b><\/b><\/p>\n<p>&nbsp;<\/p>\n<hr \/>\n<p style=\"text-align: left;\" align=\"center\"><span style=\"font-size: large;\"><img loading=\"lazy\" decoding=\"async\" class=\"alignright wp-image-310\" src=\"https:\/\/artpyro.de\/wp-content\/uploads\/2016\/04\/tiger-300x294.jpg\" width=\"204\" height=\"200\" srcset=\"https:\/\/artpyro.de\/wp-content\/uploads\/2016\/04\/tiger-300x294.jpg 300w, https:\/\/artpyro.de\/wp-content\/uploads\/2016\/04\/tiger.jpg 392w\" sizes=\"auto, (max-width: 204px) 100vw, 204px\" \/><\/span><\/p>\n<p style=\"text-align: left;\" align=\"center\"><strong>Daten zu\u00a0unseren H\u00fcpfburgen:<\/strong><\/p>\n<p style=\"text-align: left;\" align=\"center\">&#8211; Aufstellfl\u00e4che 6,50 x 4,50 m<br \/>\n&#8211; f\u00fcr bis zu 7-10 Kinder geeignet<br \/>\n&#8211; 230V Stromanschluss notwendig<\/p>\n<p style=\"text-align: left;\" align=\"center\"><span style=\"color: #808080;\">(Stromaggregat kann zus\u00e4tzlich gebucht werden.)<\/span><\/p>\n<hr \/>\n<p style=\"text-align: center;\" align=\"center\"><strong>Aufsichtspflicht erfolgt durch den Mieter<\/strong> !<\/p>\n<hr \/>\n<p style=\"text-align: center;\" align=\"center\">ArtPyro fireworks-events weist jegliche Schadensanspr\u00fcche von sich ab!<br \/>\nEine\u00a0Eventbegleitung \/ Aufsicht kann auf Anfrage zus\u00e4tzlich gebucht werden.\u00a0 Hierf\u00fcr werden nach Absprache zus\u00e4tzliche Kosten erhoben.<\/p>\n<hr \/>\n<h6 align=\"right\"><span style=\"color: #808080;\"><sup>*1)<\/sup>alle Preise inkl. 19%\u00a0; Anlieferung\/Auf-,abbau\/Abholung im Umkreis von 25 km von Magdeburg.<br \/>\n<sup>*2)<\/sup>alle Preise inkl. 19% MwSt.\/ Anlieferung\/Auf-,abbau\/Abholung. FW \/ H\u00fcpfburg am selben Tag und der gleichen Lokation.<\/span><\/h6>\n","protected":false},"excerpt":{"rendered":"<p>\u00a0 Preise: Tagespreis: 139,- Euro *1 Zweitagespreis: 250,- Euro *1 Wochenendpreis: 269,- Euro *1 Wochenpreis: 595,- Euro *1 Bei Buchung eines Feuerwerkes -&gt; Tagespreis bei 99,- \u20ac *2 &nbsp; Daten zu\u00a0unseren H\u00fcpfburgen: &#8211; Aufstellfl\u00e4che 6,50 x 4,50 m &#8211; f\u00fcr bis zu 7-10 Kinder geeignet &#8211; 230V Stromanschluss notwendig (Stromaggregat kann zus\u00e4tzlich gebucht werden.) Aufsichtspflicht &hellip; <\/p>\n<p class=\"link-more\"><a href=\"https:\/\/artpyro.de\/?page_id=139\" class=\"more-link\">Mehr <span class=\"screen-reader-text\">\u00fcber &#8222;H\u00fcpfburgvermietung&#8220; <\/span>Lesen<\/a><\/p>\n","protected":false},"author":1,"featured_media":0,"parent":0,"menu_order":0,"comment_status":"closed","ping_status":"closed","template":"","meta":{"_acf_changed":false,"footnotes":""},"class_list":["post-139","page","type-page","status-publish","hentry"],"acf":[],"_links":{"self":[{"href":"https:\/\/artpyro.de\/index.php?rest_route=\/wp\/v2\/pages\/139","targetHints":{"allow":["GET"]}}],"collection":[{"href":"https:\/\/artpyro.de\/index.php?rest_route=\/wp\/v2\/pages"}],"about":[{"href":"https:\/\/artpyro.de\/index.php?rest_route=\/wp\/v2\/types\/page"}],"author":[{"embeddable":true,"href":"https:\/\/artpyro.de\/index.php?rest_route=\/wp\/v2\/users\/1"}],"replies":[{"embeddable":true,"href":"https:\/\/artpyro.de\/index.php?rest_route=%2Fwp%2Fv2%2Fcomments&post=139"}],"version-history":[{"count":18,"href":"https:\/\/artpyro.de\/index.php?rest_route=\/wp\/v2\/pages\/139\/revisions"}],"predecessor-version":[{"id":454,"href":"https:\/\/artpyro.de\/index.php?rest_route=\/wp\/v2\/pages\/139\/revisions\/454"}],"wp:attachment":[{"href":"https:\/\/artpyro.de\/index.php?rest_route=%2Fwp%2Fv2%2Fmedia&parent=139"}],"curies":[{"name":"wp","href":"https:\/\/api.w.org\/{rel}","templated":true}]}}