{"id":163,"date":"2016-04-14T12:42:06","date_gmt":"2016-04-14T12:42:06","guid":{"rendered":"http:\/\/artpyro.de\/?page_id=163"},"modified":"2026-01-19T14:52:55","modified_gmt":"2026-01-19T14:52:55","slug":"%e2%80%a2nl-md-bunker","status":"publish","type":"page","link":"https:\/\/artpyro.de\/?page_id=163","title":{"rendered":"NL MD-Bunker"},"content":{"rendered":"<h3><strong>In unserem Auslieferungslager bzw. Bunker erfolgt unser\u00a0Bunker(Silvester)verkauf.\u00a0<\/strong><strong>Er befindet sich auf dem\u00a0 Gel\u00e4nde des BIKE INN in Magdeburg \/ Prester (<\/strong><strong>Luisenthaler Str. 115).<\/strong><\/h3>\n<p>&nbsp;<\/p>\n<h2>Wir sind da oder kommen f\u00fcr Euch auf Absprache.<\/h2>\n<p><strong>Wir sind in der Regel jeden Dienstag* f\u00fcr Euch vor Ort.<\/strong> <strong>In den Sommermonaten ist das Tor ge\u00f6ffnet falls nicht ruft an +49 160 55 60 283\u00a0\u00a0 . !!!\u00a0 -&gt; Bitte keine WhatsApp oder SMS ! &#8230; solltet ihr mal auf uns warten m\u00fcssen \ud83d\ude1b , dann nutzt die Zeit und probiert den selbstgebackenen Kuchen bzw. die anderen K\u00f6stlichkeiten von Torsten in der Streetbar !<\/strong><\/p>\n<table>\n<tbody>\n<tr>\n<td width=\"359\">\n<h3><span style=\"color: #ff0000;\"><strong>Verkauf an Selbstst\u00e4ndige \/ Scheininhaber sowie mit Ausnahme &#8211; Genehmigung:<\/strong><\/span><\/h3>\n<h4><strong><span style=\"color: #ff0000;\">Februar \/ M\u00e4rz<\/span> &#8211; Dienstags 17 &#8211; 19 Uhr <\/strong><\/h4>\n<h4><strong><span style=\"color: #ff0000;\">April bis 16. Dezember\u00a0<\/span> &#8211; Dienstags 17 &#8211; 20 Uhr.<\/strong><\/h4>\n<h3><strong><span style=\"color: #ff0000;\">* Urlaub 2026:\u00a0 19.05 \u2013 26.05.26 und 06.08 \u2013 30.08.26<\/span><\/strong><\/h3>\n<\/td>\n<td width=\"245\">\n<h3><img loading=\"lazy\" decoding=\"async\" class=\"wp-image-282 aligncenter\" src=\"https:\/\/artpyro.de\/wp-content\/uploads\/2016\/04\/bike-inn.jpg\" alt=\"bike-inn\" width=\"779\" height=\"526\" \/><\/h3>\n<\/td>\n<\/tr>\n<\/tbody>\n<\/table>\n<p style=\"text-align: justify;\">\n","protected":false},"excerpt":{"rendered":"<p>In unserem Auslieferungslager bzw. Bunker erfolgt unser\u00a0Bunker(Silvester)verkauf.\u00a0Er befindet sich auf dem\u00a0 Gel\u00e4nde des BIKE INN in Magdeburg \/ Prester (Luisenthaler Str. 115). &nbsp; Wir sind da oder kommen f\u00fcr Euch auf Absprache. Wir sind in der Regel jeden Dienstag* f\u00fcr Euch vor Ort. In den Sommermonaten ist das Tor ge\u00f6ffnet falls nicht ruft an +49 &hellip; <\/p>\n<p class=\"link-more\"><a href=\"https:\/\/artpyro.de\/?page_id=163\" class=\"more-link\">Mehr <span class=\"screen-reader-text\">\u00fcber &#8222;NL MD-Bunker&#8220; <\/span>Lesen<\/a><\/p>\n","protected":false},"author":1,"featured_media":0,"parent":0,"menu_order":0,"comment_status":"closed","ping_status":"closed","template":"","meta":{"_acf_changed":false,"footnotes":""},"class_list":["post-163","page","type-page","status-publish","hentry"],"acf":[],"_links":{"self":[{"href":"https:\/\/artpyro.de\/index.php?rest_route=\/wp\/v2\/pages\/163","targetHints":{"allow":["GET"]}}],"collection":[{"href":"https:\/\/artpyro.de\/index.php?rest_route=\/wp\/v2\/pages"}],"about":[{"href":"https:\/\/artpyro.de\/index.php?rest_route=\/wp\/v2\/types\/page"}],"author":[{"embeddable":true,"href":"https:\/\/artpyro.de\/index.php?rest_route=\/wp\/v2\/users\/1"}],"replies":[{"embeddable":true,"href":"https:\/\/artpyro.de\/index.php?rest_route=%2Fwp%2Fv2%2Fcomments&post=163"}],"version-history":[{"count":31,"href":"https:\/\/artpyro.de\/index.php?rest_route=\/wp\/v2\/pages\/163\/revisions"}],"predecessor-version":[{"id":283,"href":"https:\/\/artpyro.de\/index.php?rest_route=\/wp\/v2\/pages\/163\/revisions\/283"}],"wp:attachment":[{"href":"https:\/\/artpyro.de\/index.php?rest_route=%2Fwp%2Fv2%2Fmedia&parent=163"}],"curies":[{"name":"wp","href":"https:\/\/api.w.org\/{rel}","templated":true}]}}