{"id":383,"date":"2018-10-08T09:18:48","date_gmt":"2018-10-08T09:18:48","guid":{"rendered":"http:\/\/artpyro.de\/?page_id=383"},"modified":"2026-01-19T15:04:52","modified_gmt":"2026-01-19T15:04:52","slug":"pyrotechniker-workshop-oder-einmal-teil-des-teams-sein","status":"publish","type":"page","link":"https:\/\/artpyro.de\/?page_id=383","title":{"rendered":"Pyroworkshop \/ F3 Nachweis"},"content":{"rendered":"<p style=\"text-align: center;\">Ihr seid\u00a0auf der Suche nach einem passenden Geschenk ?\u00a0&#8211; hier euer Ultimatives Erlebnis<\/p>\r\n<p style=\"text-align: center;\"><strong>\u00a0\u00a0\u00a0\u00a0\u00a0\u00a0\u00a0\u00a0\u00a0\u00a0\u00a0\u00a0\u00a0\u00a0\u00a0 <span style=\"color: #ff0000;\">&#8220; Einmal Teil des Teams sein &#8211; \u00a0Pyrotechniker Workshop&#8220;<\/span><\/strong><\/p>\r\n<p style=\"text-align: center;\">Erlebt mit uns\u00a0einen\u00a0fantastischen\u00a0Tag\u00a0als Pyrotechniker und werdet Teil unseres\u00a0Teams.<\/p>\r\n<h2 style=\"text-align: center;\"><strong>Das erwartet Euch bei uns in einem 7-10 st\u00fcndiger Pyrotechniker \/\u00a0Gro\u00dffeuerwerker Workshop<\/strong><\/h2>\r\n<hr \/>\r\n<table style=\"height: 522px;\" width=\"1527\">\r\n<tbody>\r\n<tr>\r\n<td width=\"359\">\r\n<h2><img loading=\"lazy\" decoding=\"async\" class=\"aligncenter  wp-image-693\" src=\"https:\/\/artpyro.de\/wp-content\/uploads\/2026\/01\/Pyroworkshop-mit-Termin-2025-pdf-300x225-1.jpg\" alt=\"\" width=\"608\" height=\"456\" \/><\/h2>\r\n<\/td>\r\n<td width=\"245\">\r\n<p>\u2022 Einf\u00fchrung in die Pyrotechnik mit Praxistest (Hand und elektr. Z\u00fcndung)<\/p>\r\n<p>\u2022 Vorstellung von Pyrotechnik \/Feuerwerk unterschiedlicher Kategorien und Hilfsmittel<\/p>\r\n<p>\u2022 Planung von Ablauf und Gestaltung eines Feuerwerks<\/p>\r\n<p>\u2022 Aufbau Eures Feuerwerks unter Anleitung qualifizierter Gro\u00dffeuerwerker\/Pyrotechniker<\/p>\r\n<h1 style=\"text-align: center;\"><span style=\"color: #ff0000;\">\u00a0&#8230;. der Abbrand !!!<\/span><\/h1>\r\n<\/td>\r\n<\/tr>\r\n<\/tbody>\r\n<\/table>\r\n<p>&nbsp;<\/p>\r\n<table style=\"border-color: #a3a0a0; background-color: #a3a0a0; height: 290px;\" width=\"1514\">\r\n<tbody>\r\n<tr>\r\n<td style=\"text-align: center;\" width=\"201\">\u00a0<strong>Teilnahmebedingungen<\/strong><\/td>\r\n<td style=\"text-align: center;\" width=\"201\"><strong>Dauer<\/strong><\/td>\r\n<td style=\"text-align: center;\" width=\"201\"><strong>Ausr\u00fcstung &amp; Kleidung<\/strong><\/td>\r\n<\/tr>\r\n<tr>\r\n<td width=\"201\">&#8211; Mindestalter: 18 Jahre<br \/>&#8211; Normale Verfassung und Gesundheit<\/td>\r\n<td width=\"201\">&#8211; Beginn: 14:00 &#8211; 15:00 Uhr<br \/>&#8211; Ende: 22:00-23:00 Uhr<br \/>Ja und Pausen gibt es auch !<\/td>\r\n<td width=\"201\">&#8211; Wetterfeste Kleidung<br \/>&#8211; Festes Schuhwerk<br \/>Handschuhe, Schutzbrille und Geh\u00f6rschutz gibt es\u00a0von uns!<\/td>\r\n<\/tr>\r\n<tr>\r\n<td colspan=\"3\" width=\"604\">Vorlage eines polizeilichen F\u00fchrungszeugnisses auf Anfrage\u00a0durch uns.<\/td>\r\n<\/tr>\r\n<tr>\r\n<td style=\"text-align: center;\" colspan=\"3\" width=\"604\"><strong>!!! Zum Abschlussfeuerwerk sind Eure Fans \/ Zuschauer herzlich Willkommen !!!<\/strong><\/td>\r\n<\/tr>\r\n<tr>\r\n<td style=\"text-align: center;\" colspan=\"3\" width=\"604\"><strong>Helfernachweis \/ Nachweis f\u00fcr F3 Antr\u00e4ge k\u00f6nnen ausgestellt werden!<\/strong><\/td>\r\n<\/tr>\r\n<\/tbody>\r\n<\/table>\r\n<p style=\"text-align: center;\"><strong>Euer Preis pro Teilnehmer 169 Euro. Gruppen ab 5 Personen 119 Euro\u00a0 <a href=\"https:\/\/www.raketendealer.shop\/shop\/pyroworkshop-ap-e-01\/\" target=\"_blank\" rel=\"noopener noreferrer\">Weiter zur Buchung !<\/a><\/strong><\/p>\r\n","protected":false},"excerpt":{"rendered":"<p>Ihr seid\u00a0auf der Suche nach einem passenden Geschenk ?\u00a0&#8211; hier euer Ultimatives Erlebnis \u00a0\u00a0\u00a0\u00a0\u00a0\u00a0\u00a0\u00a0\u00a0\u00a0\u00a0\u00a0\u00a0\u00a0\u00a0 &#8220; Einmal Teil des Teams sein &#8211; \u00a0Pyrotechniker Workshop&#8220; Erlebt mit uns\u00a0einen\u00a0fantastischen\u00a0Tag\u00a0als Pyrotechniker und werdet Teil unseres\u00a0Teams. Das erwartet Euch bei uns in einem 7-10 st\u00fcndiger Pyrotechniker \/\u00a0Gro\u00dffeuerwerker Workshop \u2022 Einf\u00fchrung in die Pyrotechnik mit Praxistest (Hand und elektr. Z\u00fcndung) \u2022 &hellip; <\/p>\n<p class=\"link-more\"><a href=\"https:\/\/artpyro.de\/?page_id=383\" class=\"more-link\">Mehr <span class=\"screen-reader-text\">\u00fcber &#8222;Pyroworkshop \/ F3 Nachweis&#8220; <\/span>Lesen<\/a><\/p>\n","protected":false},"author":1,"featured_media":0,"parent":0,"menu_order":0,"comment_status":"closed","ping_status":"closed","template":"","meta":{"_acf_changed":false,"footnotes":""},"class_list":["post-383","page","type-page","status-publish","hentry"],"acf":[],"_links":{"self":[{"href":"https:\/\/artpyro.de\/index.php?rest_route=\/wp\/v2\/pages\/383","targetHints":{"allow":["GET"]}}],"collection":[{"href":"https:\/\/artpyro.de\/index.php?rest_route=\/wp\/v2\/pages"}],"about":[{"href":"https:\/\/artpyro.de\/index.php?rest_route=\/wp\/v2\/types\/page"}],"author":[{"embeddable":true,"href":"https:\/\/artpyro.de\/index.php?rest_route=\/wp\/v2\/users\/1"}],"replies":[{"embeddable":true,"href":"https:\/\/artpyro.de\/index.php?rest_route=%2Fwp%2Fv2%2Fcomments&post=383"}],"version-history":[{"count":53,"href":"https:\/\/artpyro.de\/index.php?rest_route=\/wp\/v2\/pages\/383\/revisions"}],"predecessor-version":[{"id":695,"href":"https:\/\/artpyro.de\/index.php?rest_route=\/wp\/v2\/pages\/383\/revisions\/695"}],"wp:attachment":[{"href":"https:\/\/artpyro.de\/index.php?rest_route=%2Fwp%2Fv2%2Fmedia&parent=383"}],"curies":[{"name":"wp","href":"https:\/\/api.w.org\/{rel}","templated":true}]}}