{"id":98,"date":"2016-04-14T06:53:10","date_gmt":"2016-04-14T06:53:10","guid":{"rendered":"http:\/\/artpyro.de\/?page_id=98"},"modified":"2025-01-04T16:29:59","modified_gmt":"2025-01-04T16:29:59","slug":"pyro-board","status":"publish","type":"page","link":"https:\/\/artpyro.de\/?page_id=98","title":{"rendered":"Pyro-Board \/ Selbstabbrand"},"content":{"rendered":"<p align=\"justify\">&#8230; sind fertig vor konfektionierte Feuerwerke.<img loading=\"lazy\" decoding=\"async\" class=\"alignright wp-image-303\" src=\"https:\/\/artpyro.de\/wp-content\/uploads\/2016\/04\/fw_paket003-300x195.jpg\" width=\"390\" height=\"253\" \/><br \/>\nSie k\u00fcmmern sich um die beh\u00f6rdliche Aus-nahmegenehmigung f\u00fcr ihr Feuerwerk der Kategorie F2 gem. \u00a7 24 1. SprengV (nat\u00fcrlich mit unserer Unterst\u00fctzung), um die Abholung und um die Z\u00fcndung.<\/p>\n<p style=\"text-align: center;\"><strong>Sie sparen sich daf\u00fcr unseren \u201cService\u201d und sind f\u00fcr einen Abend stolzer Feuerwerker.<\/strong><\/p>\n<hr \/>\n<p style=\"text-align: justify;\">Ihr Pyro-Board enth\u00e4lt ausgesuchte bzw. speziell f\u00fcr Sie abgestimmte Effekte, die Sie selbst ohne besondere Qualifikation z\u00fcnden d\u00fcrfen, sofern Sie das 18. Lebensjahr vollendet haben.<br \/>\nDie von uns angebotenen Pyro-Boards entsprechen der Philosophie von Artpyro firewoks-events, kurzweilig, druckvoll und atemberaubend. Auch hier wird nichts unn\u00f6tig in die L\u00e4nge gezogen.<\/p>\n<p><b>Ihr Pyro-Board<\/b> &#8211; auf Wunsch fertigen wir Ihnen Ihr pers\u00f6nliches Pyro-Board. Entsprechend Ihrer Vorstellung, Ihres Anlasses und Ihres Budgets. Sollten Sie nur eine kleine Familienfeier planen und das Feuerwerk selbst abschie\u00dfen (abbrennen) wollen, dann ist unser Pyro-Board genau das richtige f\u00fcr Sie und Ihr G\u00e4ste.<\/p>\n<hr \/>\n<p align=\"center\"><span style=\"color: #000000;\"><strong>Alle Pyro-Bords sind komplett verleitet &#8211; somit brauchen Sie nur einmal z\u00fcnden.<\/strong><\/span><br \/>\n<span style=\"color: #000000;\"> <strong> Dieses geschieht wahlweise elektrisch oder per Hand.<\/strong><\/span><\/p>\n<hr \/>\n<p style=\"text-align: center;\"><a href=\"https:\/\/raketendealer.shop\/index.php?cPath=26\" target=\"_blank\" rel=\"noopener noreferrer\">weiter zur Bestellung in unserem Onlineshop<\/a><\/p>\n","protected":false},"excerpt":{"rendered":"<p>&#8230; sind fertig vor konfektionierte Feuerwerke. Sie k\u00fcmmern sich um die beh\u00f6rdliche Aus-nahmegenehmigung f\u00fcr ihr Feuerwerk der Kategorie F2 gem. \u00a7 24 1. SprengV (nat\u00fcrlich mit unserer Unterst\u00fctzung), um die Abholung und um die Z\u00fcndung. Sie sparen sich daf\u00fcr unseren \u201cService\u201d und sind f\u00fcr einen Abend stolzer Feuerwerker. Ihr Pyro-Board enth\u00e4lt ausgesuchte bzw. speziell f\u00fcr &hellip; <\/p>\n<p class=\"link-more\"><a href=\"https:\/\/artpyro.de\/?page_id=98\" class=\"more-link\">Mehr <span class=\"screen-reader-text\">\u00fcber &#8222;Pyro-Board \/ Selbstabbrand&#8220; <\/span>Lesen<\/a><\/p>\n","protected":false},"author":1,"featured_media":0,"parent":0,"menu_order":0,"comment_status":"closed","ping_status":"closed","template":"","meta":{"_acf_changed":false,"footnotes":""},"class_list":["post-98","page","type-page","status-publish","hentry"],"acf":[],"_links":{"self":[{"href":"https:\/\/artpyro.de\/index.php?rest_route=\/wp\/v2\/pages\/98","targetHints":{"allow":["GET"]}}],"collection":[{"href":"https:\/\/artpyro.de\/index.php?rest_route=\/wp\/v2\/pages"}],"about":[{"href":"https:\/\/artpyro.de\/index.php?rest_route=\/wp\/v2\/types\/page"}],"author":[{"embeddable":true,"href":"https:\/\/artpyro.de\/index.php?rest_route=\/wp\/v2\/users\/1"}],"replies":[{"embeddable":true,"href":"https:\/\/artpyro.de\/index.php?rest_route=%2Fwp%2Fv2%2Fcomments&post=98"}],"version-history":[{"count":11,"href":"https:\/\/artpyro.de\/index.php?rest_route=\/wp\/v2\/pages\/98\/revisions"}],"predecessor-version":[{"id":564,"href":"https:\/\/artpyro.de\/index.php?rest_route=\/wp\/v2\/pages\/98\/revisions\/564"}],"wp:attachment":[{"href":"https:\/\/artpyro.de\/index.php?rest_route=%2Fwp%2Fv2%2Fmedia&parent=98"}],"curies":[{"name":"wp","href":"https:\/\/api.w.org\/{rel}","templated":true}]}}